{"id":11292,"date":"2026-03-09T11:29:34","date_gmt":"2026-03-09T10:29:34","guid":{"rendered":"https:\/\/usoleuven.be\/?page_id=11292"},"modified":"2026-03-09T11:45:35","modified_gmt":"2026-03-09T10:45:35","slug":"gastconcert-uso-greifswald","status":"publish","type":"page","link":"https:\/\/usoleuven.be\/en_GB\/gastconcert-uso-greifswald\/","title":{"rendered":"Gastconcert USO Greifswald"},"content":{"rendered":"\n<p>Toen wij eind vorig jaar tijdens onze concertreis te gast waren in Greifswald, werden wij er bijzonder hartelijk ontvangen door de universiteit en het Universit\u00e4tsSinfonieOrchester Greifswald (USO). Het verheugt ons dan ook des te meer dat wij musici van het Universit\u00e4tsSinfonieOrchester en van het Collegium Musicum der Universit\u00e4t Greifswald nu in Leuven mogen verwelkomen tijdens hun concertreis door Belgi\u00eb.<\/p>\n\n\n\n<p>Onder de titel <em>\u201cVerleih uns Frieden zu unseren Zeiten\u201d<\/em> (Schenk ons vrede in deze tijd) brengen zij een programma met kamermuziek voor de passietijd, dat werken omvat van de barok tot de moderne tijd. Voor dit concert vormen de musici verschillende kamermuziekensembles, waarin leden van het Universit\u00e4tsSinfonieOrchester, het Collegium Musicum en het USO Leuven samen musiceren.<\/p>\n\n\n\n<p>Het concert vindt plaats op <strong>23 maart om 20.00 uur<\/strong> in de <strong><a href=\"https:\/\/www.kuleuven.be\/kulag\/en\/gebouw\/109-02\/onderwijs\">Grote Aula van het Maria-Theresiacollege<\/a><\/strong> in Leuven. De toegang is vrij en er zijn geen tickets of reservatie vereist.<\/p>\n\n\n\n<figure class=\"wp-block-gallery has-nested-images columns-default is-cropped wp-block-gallery-1 is-layout-flex wp-block-gallery-is-layout-flex\">\n<figure class=\"wp-block-image size-large\"><img loading=\"lazy\" decoding=\"async\" width=\"1024\" height=\"768\" data-id=\"11299\" src=\"https:\/\/usoleuven.be\/wp-content\/uploads\/2026\/03\/IMG20260117160532-1024x768.jpg\" alt=\"\" class=\"wp-image-11299\" srcset=\"https:\/\/usoleuven.be\/wp-content\/uploads\/2026\/03\/IMG20260117160532-1024x768.jpg 1024w, https:\/\/usoleuven.be\/wp-content\/uploads\/2026\/03\/IMG20260117160532-300x225.jpg 300w, https:\/\/usoleuven.be\/wp-content\/uploads\/2026\/03\/IMG20260117160532-768x576.jpg 768w, https:\/\/usoleuven.be\/wp-content\/uploads\/2026\/03\/IMG20260117160532-1536x1152.jpg 1536w, https:\/\/usoleuven.be\/wp-content\/uploads\/2026\/03\/IMG20260117160532-2048x1536.jpg 2048w, https:\/\/usoleuven.be\/wp-content\/uploads\/2026\/03\/IMG20260117160532-350x263.jpg 350w\" sizes=\"auto, (max-width: 767px) 89vw, (max-width: 1000px) 54vw, (max-width: 1071px) 543px, 580px\" \/><\/figure>\n\n\n\n<figure class=\"wp-block-image size-large\"><img loading=\"lazy\" decoding=\"async\" width=\"1020\" height=\"1024\" data-id=\"11301\" src=\"https:\/\/usoleuven.be\/wp-content\/uploads\/2026\/03\/IMG_20251030_200625-1-1020x1024.jpg\" alt=\"\" class=\"wp-image-11301\" srcset=\"https:\/\/usoleuven.be\/wp-content\/uploads\/2026\/03\/IMG_20251030_200625-1-1020x1024.jpg 1020w, https:\/\/usoleuven.be\/wp-content\/uploads\/2026\/03\/IMG_20251030_200625-1-300x300.jpg 300w, https:\/\/usoleuven.be\/wp-content\/uploads\/2026\/03\/IMG_20251030_200625-1-150x150.jpg 150w, https:\/\/usoleuven.be\/wp-content\/uploads\/2026\/03\/IMG_20251030_200625-1-768x771.jpg 768w, https:\/\/usoleuven.be\/wp-content\/uploads\/2026\/03\/IMG_20251030_200625-1-1530x1536.jpg 1530w, https:\/\/usoleuven.be\/wp-content\/uploads\/2026\/03\/IMG_20251030_200625-1-2040x2048.jpg 2040w, https:\/\/usoleuven.be\/wp-content\/uploads\/2026\/03\/IMG_20251030_200625-1-100x100.jpg 100w, https:\/\/usoleuven.be\/wp-content\/uploads\/2026\/03\/IMG_20251030_200625-1-250x250.jpg 250w, https:\/\/usoleuven.be\/wp-content\/uploads\/2026\/03\/IMG_20251030_200625-1-350x351.jpg 350w\" sizes=\"auto, (max-width: 767px) 89vw, (max-width: 1000px) 54vw, (max-width: 1071px) 543px, 580px\" \/><\/figure>\n<\/figure>\n\n\n\n<div class=\"wp-block-group is-content-justification-left is-nowrap is-layout-flex wp-container-core-group-is-layout-f56a869c wp-block-group-is-layout-flex\">\n<p>USO Greifswald en Collegium Musicum<\/p>\n\n\n\n<div style=\"height:100px;width:44px\" aria-hidden=\"true\" class=\"wp-block-spacer wp-container-content-442e7b1a\"><\/div>\n\n\n\n<p>USO Leuven in Greifswald<\/p>\n<\/div>\n\n\n\n<p><\/p>\n","protected":false},"excerpt":{"rendered":"<p>When we visited Greifswald during our concert tour at the end of last year, we received a very warm welcome from the university and the Universit\u00e4tsSinfonieOrchester Greifswald (USO). We are therefore delighted to welcome musicians from the Universit\u00e4tsSinfonieOrchester and the Collegium Musicum der Universit\u00e4t Greifswald to Leuven during their concert tour of Belgium. Under the &hellip; <\/p>\n<p class=\"link-more\"><a href=\"https:\/\/usoleuven.be\/en_GB\/gastconcert-uso-greifswald\/\" class=\"more-link\">Continue reading<span class=\"screen-reader-text\"> &#8220;Gastconcert USO Greifswald&#8221;<\/span><\/a><\/p>\n","protected":false},"author":714,"featured_media":0,"parent":0,"menu_order":0,"comment_status":"closed","ping_status":"closed","template":"","meta":{"footnotes":""},"class_list":["post-11292","page","type-page","status-publish","hentry"],"_links":{"self":[{"href":"https:\/\/usoleuven.be\/en_GB\/wp-json\/wp\/v2\/pages\/11292","targetHints":{"allow":["GET"]}}],"collection":[{"href":"https:\/\/usoleuven.be\/en_GB\/wp-json\/wp\/v2\/pages"}],"about":[{"href":"https:\/\/usoleuven.be\/en_GB\/wp-json\/wp\/v2\/types\/page"}],"author":[{"embeddable":true,"href":"https:\/\/usoleuven.be\/en_GB\/wp-json\/wp\/v2\/users\/714"}],"replies":[{"embeddable":true,"href":"https:\/\/usoleuven.be\/en_GB\/wp-json\/wp\/v2\/comments?post=11292"}],"version-history":[{"count":7,"href":"https:\/\/usoleuven.be\/en_GB\/wp-json\/wp\/v2\/pages\/11292\/revisions"}],"predecessor-version":[{"id":11304,"href":"https:\/\/usoleuven.be\/en_GB\/wp-json\/wp\/v2\/pages\/11292\/revisions\/11304"}],"wp:attachment":[{"href":"https:\/\/usoleuven.be\/en_GB\/wp-json\/wp\/v2\/media?parent=11292"}],"curies":[{"name":"wp","href":"https:\/\/api.w.org\/{rel}","templated":true}]}}